{"id":1020,"date":"2023-10-10T09:50:09","date_gmt":"2023-10-10T09:50:09","guid":{"rendered":"https:\/\/rennes.sof.edu.vn\/?page_id=1020"},"modified":"2023-10-10T13:34:00","modified_gmt":"2023-10-10T13:34:00","slug":"xac-nhan-tham-gia-chuong-trinh","status":"publish","type":"page","link":"https:\/\/rennes.sof.edu.vn\/en\/tuyen-sinh\/xac-nhan-tham-gia-chuong-trinh\/","title":{"rendered":"X\u00e1c nh\u1eadn tham gia ch\u01b0\u01a1ng tr\u00ecnh"},"content":{"rendered":"<p><\/p>\n\n\n\n<div class=\"wp-block-stackable-feature alignwide stk-block-feature stk-block stk-5ea091d is-style-default\" data-v=\"2\" data-block-id=\"5ea091d\"><style>.stk-5ea091d-container{box-shadow:0px 2px 20px rgba(153,153,153,0.2) !important}<\/style><div class=\"stk-content-align stk-5ea091d-column alignwide stk-container stk-5ea091d-container stk-hover-parent\"><div class=\"stk-inner-blocks stk-block-content stk-row\">\n<div class=\"wp-block-stackable-column stk-block-column stk-column stk-block stk-822b384\" data-v=\"4\" data-block-id=\"822b384\"><style>.stk-822b384{align-self:center !important}<\/style><div class=\"stk-column-wrapper stk-block-column__content stk-container stk-822b384-container stk--no-background stk--no-padding\"><div class=\"stk-block-content stk-inner-blocks stk-822b384-inner-blocks\">\n<div class=\"wp-block-stackable-image stk-block-image stk-block stk-d18984d\" data-block-id=\"d18984d\"><style>.stk-d18984d{bottom:47px !important}<\/style><figure class=\"stk-img-wrapper stk-image--shape-stretch\"><img loading=\"lazy\" decoding=\"async\" class=\"stk-img wp-image-693\" src=\"http:\/\/rennes.sof.edu.vn\/wp-content\/uploads\/2023\/09\/rennes-school-back.jpeg\" width=\"960\" height=\"540\" srcset=\"https:\/\/rennes.sof.edu.vn\/wp-content\/uploads\/2023\/09\/rennes-school-back.jpeg 960w, https:\/\/rennes.sof.edu.vn\/wp-content\/uploads\/2023\/09\/rennes-school-back-300x169.jpeg 300w, https:\/\/rennes.sof.edu.vn\/wp-content\/uploads\/2023\/09\/rennes-school-back-768x432.jpeg 768w\" sizes=\"(max-width: 960px) 100vw, 960px\" \/><\/figure><\/div>\n\n\n\n<div class=\"wp-block-stackable-image stk-block-image stk-block stk-743e2c0\" data-block-id=\"743e2c0\"><figure class=\"stk-img-wrapper stk-image--shape-stretch\"><img loading=\"lazy\" decoding=\"async\" class=\"stk-img wp-image-696\" src=\"http:\/\/rennes.sof.edu.vn\/wp-content\/uploads\/2023\/09\/bu_sante-rodrigue_mbock_2.jpeg\" width=\"960\" height=\"540\" srcset=\"https:\/\/rennes.sof.edu.vn\/wp-content\/uploads\/2023\/09\/bu_sante-rodrigue_mbock_2.jpeg 960w, https:\/\/rennes.sof.edu.vn\/wp-content\/uploads\/2023\/09\/bu_sante-rodrigue_mbock_2-300x169.jpeg 300w, https:\/\/rennes.sof.edu.vn\/wp-content\/uploads\/2023\/09\/bu_sante-rodrigue_mbock_2-768x432.jpeg 768w\" sizes=\"(max-width: 960px) 100vw, 960px\" \/><\/figure><\/div>\n<\/div><\/div><\/div>\n\n\n\n<div class=\"wp-block-stackable-column stk-block-column stk-column stk-block stk-ebdfff5\" data-v=\"4\" data-block-id=\"ebdfff5\"><style>.stk-ebdfff5{align-self:center !important}.stk-ebdfff5-inner-blocks{justify-content:center !important}<\/style><div class=\"stk-column-wrapper stk-block-column__content stk-container stk-ebdfff5-container stk--no-background stk--no-padding\"><div class=\"stk--column-flex stk-block-content stk-inner-blocks stk-ebdfff5-inner-blocks\">\n<div class=\"wp-block-stackable-heading stk-block-heading stk-block-heading--v2 stk-block stk-5d1d774\" id=\"d\u1ec3-d\u01b0\u1ee3c-tham-gia-ch\u01b0\u01a1ng-trinh-cac-b\u1ea1n-th\u1ef1c-hi\u1ec7n-cac-b\u01b0\u1edbc-sau\" data-block-id=\"5d1d774\"><h4 class=\"stk-block-heading__text\">To join the course, you need to follow these steps:<\/h4><\/div>\n\n\n\n<p>1. Submit your application form.<\/p>\n\n\n\n<p>2. Within 7 working days, we will notify you of admission and conditional admission via the email: <a rel=\"noreferrer noopener\" href=\"mailto:rennes@ueh.edu.vn\" target=\"_blank\"><span style=\"color: var(--theme-palette-color-3, #504e4a);\" class=\"stk-highlight\">rennes@ueh.edu.vn<\/span><\/a><\/p>\n\n\n\n<p>3. You are required to confirm your participation in the course by paying 10% of the tuition fee for the first semester of the first year. <\/p>\n\n\n\n<div class=\"wp-block-stackable-columns stk-block-columns stk-block stk-5e1805f\" data-block-id=\"5e1805f\"><div class=\"stk-row stk-inner-blocks stk-block-content stk-content-align stk-5e1805f-column\">\n<div class=\"wp-block-stackable-column stk-block-column stk-column stk-block stk-0b53680\" data-v=\"4\" data-block-id=\"0b53680\"><style>@media screen and (min-width:768px){.stk-0b53680{flex:1 1 calc(17% - var(--stk-column-gap,0px) * 2 \/ 3 ) !important}}<\/style><div class=\"stk-column-wrapper stk-block-column__content stk-container stk-0b53680-container stk--no-background stk--no-padding\"><div class=\"stk-block-content stk-inner-blocks stk-0b53680-inner-blocks\">\n<p class=\"has-text-align-center has-palette-color-4-color has-text-color has-small-font-size\"><\/p>\n<\/div><\/div><\/div>\n\n\n\n<div class=\"wp-block-stackable-column stk-block-column stk-column stk-block stk-d9bc1bc\" data-v=\"4\" data-block-id=\"d9bc1bc\"><style>@media screen and (min-width:768px){.stk-d9bc1bc{flex:1 1 calc(66% - var(--stk-column-gap,0px) * 2 \/ 3 ) !important}}<\/style><div class=\"stk-column-wrapper stk-block-column__content stk-container stk-d9bc1bc-container stk--no-background stk--no-padding\"><div class=\"stk-block-content stk-inner-blocks stk-d9bc1bc-inner-blocks\">\n<p><strong><span style=\"text-decoration: underline;\">Payment and transfer information:<br><\/span><\/strong>\u2013 Account number: 0036100040456008<br>\u2013 Account name: CTLKDT CN TC UNG DUNG<br>\u2013 Bank: Orient Commercial Joint Stock Bank  (OCB) - Duy Tan Transaction Office, Gia Dinh Branch<br>\u2013 Amount: VND 5,440,000<br>\u2013 Content: <h\u1ecd t\u00ean=\"\" ng\u01b0\u1eddi=\"\" h\u1ecdc=\"\">10% HP HK1 ''Student's full name'' ''Date of birth''<ng\u00e0y th\u00e1ng=\"\" n\u0103m=\"\" sinh=\"\"><\/ng\u00e0y><\/h\u1ecd><\/p>\n<\/div><\/div><\/div>\n\n\n\n<div class=\"wp-block-stackable-column stk-block-column stk-column stk-block stk-8c085de\" data-v=\"4\" data-block-id=\"8c085de\"><style>@media screen and (min-width:768px){.stk-8c085de{flex:1 1 calc(17% - var(--stk-column-gap,0px) * 2 \/ 3 ) !important}}<\/style><div class=\"stk-column-wrapper stk-block-column__content stk-container stk-8c085de-container stk--no-background stk--no-padding\"><div class=\"stk-block-content stk-inner-blocks stk-8c085de-inner-blocks\"><\/div><\/div><\/div>\n<\/div><\/div>\n\n\n\n<p>4. We will have an official admission notice and carry out enrolment process in early August.<\/p>\n\n\n\n<p>5. Enrol according to our instructions. Those who have not yet obtained a foreign language certificate will be able to join a separate program by focusing on studying for the English certificate exam and studying some subjects of the course in Vietnamese. When you have obtained an English certificate, you will participate in the main course.<\/p>\n\n\n\n<p>6. Opening and enrolment in early September.<\/p>\n\n\n\n<div class=\"wp-block-stackable-button-group stk-block-button-group stk-block stk-9edad0a\" data-block-id=\"9edad0a\"><div class=\"stk-row stk-inner-blocks has-text-align-center stk-block-content stk-button-group\">\n<div class=\"wp-block-stackable-button stk-block-button has-text-align-center stk-block stk-a66aefd\" data-block-id=\"a66aefd\"><style>.stk-a66aefd .stk-button{padding-right:32px !important;padding-left:32px !important;background:var(--theme-palette-color-2,#fcb424) !important;border-top-left-radius:50px !important;border-top-right-radius:50px !important;border-bottom-right-radius:50px !important;border-bottom-left-radius:50px !important}.stk-a66aefd .stk-button__inner-text{font-size:18px !important;font-family:\"Lato\",Sans-serif !important}@media screen and (max-width:1023px){.stk-a66aefd .stk-button__inner-text{font-size:18px !important}}<\/style><a class=\"stk-link stk-button stk--hover-effect-lift-more\" href=\"https:\/\/rennes.sof.edu.vn\/en\/app_form\/\" target=\"_blank\" rel=\"noreferrer noopener\"><span class=\"stk-button__inner-text\">Apply Now<\/span><\/a><\/div>\n<\/div><\/div>\n<\/div><\/div><\/div>\n<\/div><\/div><\/div>\n\n\n\n<div class=\"wp-block-stackable-heading stk-block-heading stk-block-heading--v2 stk-block stk-502d092\" data-block-id=\"502d092\"><h2 class=\"stk-block-heading__text\"><\/h2><\/div>","protected":false},"excerpt":{"rendered":"<p>\u0110\u1ec3 \u0111\u01b0\u1ee3c tham gia ch\u01b0\u01a1ng tr\u00ecnh, c\u00e1c b\u1ea1n th\u1ef1c hi\u1ec7n c\u00e1c b\u01b0\u1edbc sau: 1. N\u1ed9p h\u1ed3 s\u01a1 theo \u0111\u01a1n x\u00e9t tuy\u1ec3n 2. Trong v\u00f2ng 7 ng\u00e0y l\u00e0m vi\u1ec7c, ban \u0111i\u1ec1u h\u00e0nh ch\u01b0\u01a1ng tr\u00ecnh s\u1ebd c\u00f3 th\u00f4ng b\u00e1o tr\u00fang tuy\u1ec3n v\u00e0 tr\u00fang tuy\u1ec3n c\u00f3 \u0111i\u1ec1u ki\u1ec7n qua email c\u1ee7a ch\u01b0\u01a1ng tr\u00ecnh: rennes@ueh.edu.vn 3. Ch\u01b0\u01a1ng tr\u00ecnh y\u00eau [&hellip;]<\/p>","protected":false},"author":1,"featured_media":0,"parent":773,"menu_order":0,"comment_status":"closed","ping_status":"closed","template":"","meta":{"footnotes":""},"blocksy_meta":[],"_links":{"self":[{"href":"https:\/\/rennes.sof.edu.vn\/en\/wp-json\/wp\/v2\/pages\/1020"}],"collection":[{"href":"https:\/\/rennes.sof.edu.vn\/en\/wp-json\/wp\/v2\/pages"}],"about":[{"href":"https:\/\/rennes.sof.edu.vn\/en\/wp-json\/wp\/v2\/types\/page"}],"author":[{"embeddable":true,"href":"https:\/\/rennes.sof.edu.vn\/en\/wp-json\/wp\/v2\/users\/1"}],"replies":[{"embeddable":true,"href":"https:\/\/rennes.sof.edu.vn\/en\/wp-json\/wp\/v2\/comments?post=1020"}],"version-history":[{"count":5,"href":"https:\/\/rennes.sof.edu.vn\/en\/wp-json\/wp\/v2\/pages\/1020\/revisions"}],"predecessor-version":[{"id":1034,"href":"https:\/\/rennes.sof.edu.vn\/en\/wp-json\/wp\/v2\/pages\/1020\/revisions\/1034"}],"up":[{"embeddable":true,"href":"https:\/\/rennes.sof.edu.vn\/en\/wp-json\/wp\/v2\/pages\/773"}],"wp:attachment":[{"href":"https:\/\/rennes.sof.edu.vn\/en\/wp-json\/wp\/v2\/media?parent=1020"}],"curies":[{"name":"wp","href":"https:\/\/api.w.org\/{rel}","templated":true}]}}