{"id":1053,"date":"2023-10-11T03:17:59","date_gmt":"2023-10-11T03:17:59","guid":{"rendered":"https:\/\/rennes.sof.edu.vn\/?page_id=1053"},"modified":"2023-10-11T03:18:28","modified_gmt":"2023-10-11T03:18:28","slug":"gioi-thieu-dai-hoc-rennes","status":"publish","type":"page","link":"https:\/\/rennes.sof.edu.vn\/en\/chuong-trinh\/gioi-thieu-dai-hoc-rennes\/","title":{"rendered":"Introduction to University of Rennes"},"content":{"rendered":"<div class=\"wp-block-stackable-columns alignfull stk-block-columns stk-block stk-6f4d6a1 stk-block-background\" id=\"section-introcduction\" data-block-id=\"6f4d6a1\"><style>.stk-6f4d6a1 .stk--block-align-6f4d6a1{align-items:center !important}.stk-6f4d6a1{background-color:var(--theme-palette-color-7,#FBFBFC) !important;padding-top:150px !important;padding-bottom:150px !important;margin-bottom:0px !important}.stk-6f4d6a1:before{background-color:var(--theme-palette-color-7,#FBFBFC) !important}.stk-6f4d6a1-column{--stk-column-gap:60px !important;row-gap:60px !important}@media screen and (max-width:1023px){.stk-6f4d6a1 .stk--block-align-6f4d6a1{align-items:flex-start !important}.stk-6f4d6a1{padding-top:70px !important;padding-bottom:70px !important}}<\/style><div class=\"stk-row stk-inner-blocks stk--block-align-6f4d6a1 stk-block-content stk-content-align stk-6f4d6a1-column\">\n<div class=\"wp-block-stackable-column stk-block-column stk-column stk-block stk-b93686c\" data-v=\"4\" data-block-id=\"b93686c\"><style>.stk-b93686c-container{margin-top:0px !important;margin-right:0px !important;margin-bottom:0px !important;margin-left:0px !important}@media screen and (min-width:768px) and (max-width:1023px){.stk-b93686c{flex:0 1 calc(100% - var(--stk-column-gap,0px) * 0 \/ 1 ) !important}}<\/style><div class=\"stk-column-wrapper stk-block-column__content stk-container stk-b93686c-container stk--no-background stk--no-padding\"><div class=\"stk-block-content stk-inner-blocks stk-b93686c-inner-blocks\">\n<div class=\"wp-block-stackable-image stk-block-image stk-block stk-e3c0268\" data-block-id=\"e3c0268\"><style>.stk-e3c0268 .stk-img-wrapper img{border-radius:10px !important}<\/style><figure class=\"stk-img-wrapper stk-image--shape-stretch\"><img loading=\"lazy\" decoding=\"async\" class=\"stk-img wp-image-693\" src=\"http:\/\/rennes.sof.edu.vn\/wp-content\/uploads\/2023\/09\/rennes-school-back.jpeg\" width=\"960\" height=\"540\" srcset=\"https:\/\/rennes.sof.edu.vn\/wp-content\/uploads\/2023\/09\/rennes-school-back.jpeg 960w, https:\/\/rennes.sof.edu.vn\/wp-content\/uploads\/2023\/09\/rennes-school-back-300x169.jpeg 300w, https:\/\/rennes.sof.edu.vn\/wp-content\/uploads\/2023\/09\/rennes-school-back-768x432.jpeg 768w\" sizes=\"(max-width: 960px) 100vw, 960px\" \/><\/figure><\/div>\n\n\n\n<div class=\"wp-block-stackable-image stk-block-image stk-block stk-c6f0cec\" data-block-id=\"c6f0cec\"><style>.stk-c6f0cec .stk-img-wrapper img{border-radius:10px !important}<\/style><figure class=\"stk-img-wrapper stk-image--shape-stretch\"><img loading=\"lazy\" decoding=\"async\" class=\"stk-img wp-image-696\" src=\"http:\/\/rennes.sof.edu.vn\/wp-content\/uploads\/2023\/09\/bu_sante-rodrigue_mbock_2.jpeg\" width=\"960\" height=\"540\" srcset=\"https:\/\/rennes.sof.edu.vn\/wp-content\/uploads\/2023\/09\/bu_sante-rodrigue_mbock_2.jpeg 960w, https:\/\/rennes.sof.edu.vn\/wp-content\/uploads\/2023\/09\/bu_sante-rodrigue_mbock_2-300x169.jpeg 300w, https:\/\/rennes.sof.edu.vn\/wp-content\/uploads\/2023\/09\/bu_sante-rodrigue_mbock_2-768x432.jpeg 768w\" sizes=\"(max-width: 960px) 100vw, 960px\" \/><\/figure><\/div>\n<\/div><\/div><\/div>\n\n\n\n<div class=\"wp-block-stackable-column stk-block-column stk-column stk-block stk-66d2e9e\" data-v=\"4\" data-block-id=\"66d2e9e\"><style>.stk-66d2e9e-container{margin-top:0px !important;margin-right:0px !important;margin-bottom:0px !important;margin-left:0px !important}@media screen and (min-width:768px) and (max-width:1023px){.stk-66d2e9e{flex:0 1 calc(100% - var(--stk-column-gap,0px) * 0 \/ 1 ) !important}}<\/style><div class=\"stk-column-wrapper stk-block-column__content stk-container stk-66d2e9e-container stk--no-background stk--no-padding\"><div class=\"stk-block-content stk-inner-blocks stk-66d2e9e-inner-blocks\">\n<div class=\"wp-block-stackable-heading stk-block-heading stk-block-heading--v2 stk-block stk-a151040\" id=\"section-introduction\" data-block-id=\"a151040\"><style>.stk-a151040{margin-bottom:20px !important}.stk-a151040 .stk-block-heading__text{font-size:45px !important;line-height:1.3em !important;font-weight:800 !important}@media screen and (max-width:1023px){.stk-a151040 .stk-block-heading__text{font-size:30px !important}}<\/style><h2 class=\"stk-block-heading__text\">University of Rennes \u2013 one of the leading public universities in France <\/h2><\/div>\n\n\n\n<div class=\"wp-block-stackable-text stk-block-text stk-block stk-4a35510\" data-block-id=\"4a35510\"><style>.stk-4a35510{margin-bottom:50px !important}<\/style><p class=\"stk-block-text__text\">Established in 1970, University of Rennes (UR) is one of 12 main multidisciplinary public universities in France.<\/p><\/div>\n\n\n\n<div class=\"wp-block-stackable-icon-list stk-block-icon-list stk-block stk-0ce3eb2\" data-block-id=\"0ce3eb2\"><style>.stk-0ce3eb2{column-count:2 !important;column-gap:20px !important}.stk-0ce3eb2 li{margin-bottom:15px !important}.stk-0ce3eb2 ul,.stk-0ce3eb2 ol{padding-left:30px !important}.stk-0ce3eb2 ul li{list-style-image:url('data:image\/svg+xml;base64,PHN2ZyBhcmlhLWhpZGRlbj0idHJ1ZSIgZm9jdXNhYmxlPSJmYWxzZSIgZGF0YS1wcmVmaXg9ImZhcyIgZGF0YS1pY29uPSJjaGVjay1jaXJjbGUiIGNsYXNzPSJzdmctaW5saW5lLS1mYSBmYS1jaGVjay1jaXJjbGUgZmEtdy0xNiIgcm9sZT0iaW1nIiB4bWxucz0iaHR0cDovL3d3dy53My5vcmcvMjAwMC9zdmciIHZpZXdCb3g9IjAgMCA1MTIgNTEyIiBzdHlsZT0iZmlsbDogIzc0NTZmMSAhaW1wb3J0YW50OyBjb2xvcjogIzc0NTZmMSAhaW1wb3J0YW50O3RyYW5zZm9ybTogcm90YXRlKGRlZykgIWltcG9ydGFudDsiPjxwYXRoIGZpbGw9IiM3NDU2ZjEiIGQ9Ik01MDQgMjU2YzAgMTM2Ljk2Ny0xMTEuMDMzIDI0OC0yNDggMjQ4UzggMzkyLjk2NyA4IDI1NiAxMTkuMDMzIDggMjU2IDhzMjQ4IDExMS4wMzMgMjQ4IDI0OHpNMjI3LjMxNCAzODcuMzE0bDE4NC0xODRjNi4yNDgtNi4yNDggNi4yNDgtMTYuMzc5IDAtMjIuNjI3bC0yMi42MjctMjIuNjI3Yy02LjI0OC02LjI0OS0xNi4zNzktNi4yNDktMjIuNjI4IDBMMjE2IDMwOC4xMThsLTcwLjA1OS03MC4wNTljLTYuMjQ4LTYuMjQ4LTE2LjM3OS02LjI0OC0yMi42MjggMGwtMjIuNjI3IDIyLjYyN2MtNi4yNDggNi4yNDgtNi4yNDggMTYuMzc5IDAgMjIuNjI3bDEwNCAxMDRjNi4yNDkgNi4yNDkgMTYuMzc5IDYuMjQ5IDIyLjYyOC4wMDF6IiBzdHJva2U9IiM3NDU2ZjEiIHN0eWxlPSJmaWxsOiByZ2IoMTE2LCA4NiwgMjQxKTsgc3Ryb2tlOiByZ2IoMTE2LCA4NiwgMjQxKTsiLz48L3N2Zz4=') !important}.stk-0ce3eb2 li::marker{color:var(--theme-palette-color-1,#7456f1) !important;font-size:2.2em !important}@media screen and (max-width:1023px){.stk-0ce3eb2{column-count:2 !important}}<\/style><ul><li>Top 151-200<sup>th<\/sup>&nbsp;young university in the world 2020 (Young University Rankings).<\/li><li>Top 51-75<sup>th<\/sup>&nbsp;universities in Europe for teaching 2019 (European Teaching Rankings).<\/li><li>Top 200th<sup>th<\/sup>&nbsp;best universities in Europe 2021 (US News: Best Global Universities)<\/li><li>Top 500th<sup>th<\/sup>&nbsp;best universities in the world 2021 (CWUR Center for World University Rankings).<\/li><li>Top 500th<sup>th<\/sup>&nbsp;best Economics universities 2022 (QS World University Rankings)<\/li><li>In 2022, consecutively awarded \"Bienvenue en France\" (Welcome to France) by the French Ministry of Higher Education, Research and Innovation for the excellent quality of international student support services<\/li><li>94% of students get a suitable job within 1 year of graduation (Professional Integration Survey, 2018)<\/li><li>Rennes is in the Top 3 best cities for students in France (Ranking by the prestigious magazine L'\u00e9tudiant)<\/li><\/ul><\/div>\n<\/div><\/div><\/div>\n<\/div><\/div>","protected":false},"excerpt":{"rendered":"<p>\u0110\u1ea1i h\u1ecdc Rennes &#8211; \u0111\u1ea1i h\u1ecdc c\u00f4ng l\u1eadp h\u00e0ng \u0111\u1ea7u c\u1ee7a Ph\u00e1p. Th\u00e0nh l\u1eadp n\u0103m 1970, University of Rennes (UR) l\u00e0 m\u1ed9t trong 12 tr\u01b0\u1eddng \u0111\u1ea1i h\u1ecdc c\u00f4ng l\u1eadp \u0111a ng\u00e0nh ch\u00ednh c\u1ee7a Ph\u00e1p. Top 151-200th&nbsp;c\u00e1c tr\u01b0\u1eddng \u0111\u1ea1i h\u1ecdc tr\u1ebb tr\u00ean th\u1ebf gi\u1edbi 2020 (Young University Rankings) Top 51-75th&nbsp;c\u00e1c tr\u01b0\u1eddng \u0111\u1ea1i h\u1ecdc t\u1ea1i ch\u00e2u \u00c2u [&hellip;]<\/p>","protected":false},"author":1,"featured_media":0,"parent":845,"menu_order":0,"comment_status":"closed","ping_status":"closed","template":"","meta":{"footnotes":""},"blocksy_meta":[],"_links":{"self":[{"href":"https:\/\/rennes.sof.edu.vn\/en\/wp-json\/wp\/v2\/pages\/1053"}],"collection":[{"href":"https:\/\/rennes.sof.edu.vn\/en\/wp-json\/wp\/v2\/pages"}],"about":[{"href":"https:\/\/rennes.sof.edu.vn\/en\/wp-json\/wp\/v2\/types\/page"}],"author":[{"embeddable":true,"href":"https:\/\/rennes.sof.edu.vn\/en\/wp-json\/wp\/v2\/users\/1"}],"replies":[{"embeddable":true,"href":"https:\/\/rennes.sof.edu.vn\/en\/wp-json\/wp\/v2\/comments?post=1053"}],"version-history":[{"count":2,"href":"https:\/\/rennes.sof.edu.vn\/en\/wp-json\/wp\/v2\/pages\/1053\/revisions"}],"predecessor-version":[{"id":1055,"href":"https:\/\/rennes.sof.edu.vn\/en\/wp-json\/wp\/v2\/pages\/1053\/revisions\/1055"}],"up":[{"embeddable":true,"href":"https:\/\/rennes.sof.edu.vn\/en\/wp-json\/wp\/v2\/pages\/845"}],"wp:attachment":[{"href":"https:\/\/rennes.sof.edu.vn\/en\/wp-json\/wp\/v2\/media?parent=1053"}],"curies":[{"name":"wp","href":"https:\/\/api.w.org\/{rel}","templated":true}]}}