{"id":814,"date":"2023-10-03T07:39:28","date_gmt":"2023-10-03T07:39:28","guid":{"rendered":"http:\/\/rennes.sof.edu.vn\/?page_id=814"},"modified":"2023-10-10T09:28:13","modified_gmt":"2023-10-10T09:28:13","slug":"ho-so","status":"publish","type":"page","link":"https:\/\/rennes.sof.edu.vn\/en\/tuyen-sinh\/ho-so\/","title":{"rendered":"Application"},"content":{"rendered":"<p><\/p>\n\n\n\n<div class=\"wp-block-stackable-feature alignwide stk-block-feature stk-block stk-5ea091d is-style-default\" data-v=\"2\" data-block-id=\"5ea091d\"><style>.stk-5ea091d-container{box-shadow:0px 2px 20px rgba(153,153,153,0.2) !important}<\/style><div class=\"stk-content-align stk-5ea091d-column alignwide stk-container stk-5ea091d-container stk-hover-parent\"><div class=\"stk-inner-blocks stk-block-content stk-row\">\n<div class=\"wp-block-stackable-column stk-block-column stk-column stk-block stk-822b384\" data-v=\"4\" data-block-id=\"822b384\"><style>.stk-822b384{align-self:center !important}<\/style><div class=\"stk-column-wrapper stk-block-column__content stk-container stk-822b384-container stk--no-background stk--no-padding\"><div class=\"stk-block-content stk-inner-blocks stk-822b384-inner-blocks\">\n<div class=\"wp-block-stackable-image stk-block-image stk-block stk-743e2c0\" data-block-id=\"743e2c0\"><figure class=\"stk-img-wrapper stk-image--shape-stretch\"><img loading=\"lazy\" decoding=\"async\" class=\"stk-img wp-image-693\" src=\"http:\/\/rennes.sof.edu.vn\/wp-content\/uploads\/2023\/09\/rennes-school-back.jpeg\" width=\"960\" height=\"540\" srcset=\"https:\/\/rennes.sof.edu.vn\/wp-content\/uploads\/2023\/09\/rennes-school-back.jpeg 960w, https:\/\/rennes.sof.edu.vn\/wp-content\/uploads\/2023\/09\/rennes-school-back-300x169.jpeg 300w, https:\/\/rennes.sof.edu.vn\/wp-content\/uploads\/2023\/09\/rennes-school-back-768x432.jpeg 768w\" sizes=\"(max-width: 960px) 100vw, 960px\" \/><\/figure><\/div>\n<\/div><\/div><\/div>\n\n\n\n<div class=\"wp-block-stackable-column stk-block-column stk-column stk-block stk-ebdfff5\" data-v=\"4\" data-block-id=\"ebdfff5\"><style>.stk-ebdfff5{align-self:center !important}.stk-ebdfff5-inner-blocks{justify-content:center !important}<\/style><div class=\"stk-column-wrapper stk-block-column__content stk-container stk-ebdfff5-container stk--no-background stk--no-padding\"><div class=\"stk--column-flex stk-block-content stk-inner-blocks stk-ebdfff5-inner-blocks\">\n<div class=\"wp-block-stackable-heading stk-block-heading stk-block-heading--v2 stk-block stk-99c0388\" id=\"span-style-color-f-99-d-12-class-stk-highlight-\u2605-span-d\u01a1n-dang-ky-xet-tuy\u1ec3n-\u261b-a-href-https-rennes-sof-edu-vn-app-form-t\u1ea1i-day-a\" data-block-id=\"99c0388\"><style>.stk-99c0388 .stk-block-heading__text{font-weight:bold !important;font-family:-apple-system,BlinkMacSystemFont,\"Segoe UI\",Roboto,Helvetica,Arial,sans-serif,\"Apple Color Emoji\",\"Segoe UI Emoji\",\"Segoe UI Symbol\" !important}<\/style><h5 class=\"stk-block-heading__text\"><span style=\"color: #f99d12;\" class=\"stk-highlight\">\u2605 <\/span>Admission application form (\u261b&nbsp;<a href=\"https:\/\/rennes.sof.edu.vn\/en\/app_form\/\">Click here<\/a>)<\/h5><\/div>\n\n\n\n<div class=\"wp-block-stackable-heading stk-block-heading stk-block-heading--v2 stk-block stk-56183f4\" id=\"span-style-color-var-palette-color-2-fcb-424-class-stk-highlight-\u2605-span-ph\u01b0\u01a1ng-th\u1ee9c-xet-tuy\u1ec3n\" data-block-id=\"56183f4\"><style>.stk-56183f4 .stk-block-heading__text{font-weight:bold !important;font-family:-apple-system,BlinkMacSystemFont,\"Segoe UI\",Roboto,Helvetica,Arial,sans-serif,\"Apple Color Emoji\",\"Segoe UI Emoji\",\"Segoe UI Symbol\" !important}<\/style><h5 class=\"stk-block-heading__text\"><span style=\"color: var(--theme-palette-color-2, #fcb424);\" class=\"stk-highlight\">\u2605<\/span> Admission requirements:<\/h5><\/div>\n\n\n\n<ul>\n<li>High school transcripts<\/li>\n\n\n\n<li>Certificate of high school graduation exam results (if choosing this admission method)<\/li>\n\n\n\n<li>International English certificate (if any)<\/li>\n\n\n\n<li>ID card or Citizen identification card<\/li>\n<\/ul>\n\n\n\n<div class=\"wp-block-stackable-heading stk-block-heading stk-block-heading--v2 stk-block stk-36e0cdc\" id=\"span-style-color-var-palette-color-2-fcb-424-class-stk-highlight-\u2605-span-th\u1eddi-gian-nh\u1eadn-h\u1ed3-s\u01a1-xet-tuy\u1ec3n\" data-block-id=\"36e0cdc\"><style>.stk-36e0cdc .stk-block-heading__text{font-weight:bold !important;font-family:-apple-system,BlinkMacSystemFont,\"Segoe UI\",Roboto,Helvetica,Arial,sans-serif,\"Apple Color Emoji\",\"Segoe UI Emoji\",\"Segoe UI Symbol\" !important}<\/style><h5 class=\"stk-block-heading__text\"><span style=\"color: var(--theme-palette-color-2, #fcb424);\" class=\"stk-highlight\">\u2605<\/span> Admission application: <\/h5><\/div>\n\n\n\n<ul>\n<li>We accept applications from January to August every year<\/li>\n\n\n\n<li>If you do not have an English certificate but want to join the course, you can also submit an application form<\/li>\n<\/ul>\n\n\n\n<div class=\"wp-block-stackable-button-group stk-block-button-group stk-block stk-9edad0a\" data-block-id=\"9edad0a\"><div class=\"stk-row stk-inner-blocks has-text-align-center stk-block-content stk-button-group\">\n<div class=\"wp-block-stackable-button stk-block-button has-text-align-center stk-block stk-a66aefd\" data-block-id=\"a66aefd\"><style>.stk-a66aefd .stk-button{padding-right:32px !important;padding-left:32px !important;background:var(--theme-palette-color-2,#fcb424) !important;border-top-left-radius:50px !important;border-top-right-radius:50px !important;border-bottom-right-radius:50px !important;border-bottom-left-radius:50px !important}.stk-a66aefd .stk-button__inner-text{font-size:18px !important;font-family:\"Lato\",Sans-serif !important}@media screen and (max-width:1023px){.stk-a66aefd .stk-button__inner-text{font-size:18px !important}}<\/style><a class=\"stk-link stk-button stk--hover-effect-lift-more\" href=\"https:\/\/rennes.sof.edu.vn\/en\/app_form\/\" target=\"_blank\" rel=\"noreferrer noopener\"><span class=\"stk-button__inner-text\">Apply Now<\/span><\/a><\/div>\n<\/div><\/div>\n<\/div><\/div><\/div>\n<\/div><\/div><\/div>\n\n\n\n<div class=\"wp-block-stackable-heading stk-block-heading stk-block-heading--v2 stk-block stk-502d092\" data-block-id=\"502d092\"><h2 class=\"stk-block-heading__text\"><\/h2><\/div>","protected":false},"excerpt":{"rendered":"<p>\u2605 \u0110\u01a1n \u0111\u0103ng k\u00fd x\u00e9t tuy\u1ec3n (\u261b&nbsp;T\u1ea1i \u0110\u00e2y) \u2605 Ph\u01b0\u01a1ng th\u1ee9c x\u00e9t tuy\u1ec3n: \u2605 Th\u1eddi gian nh\u1eadn h\u1ed3 s\u01a1 x\u00e9t tuy\u1ec3n: N\u1ed9p h\u1ed3 s\u01a1<\/p>","protected":false},"author":1,"featured_media":0,"parent":773,"menu_order":0,"comment_status":"closed","ping_status":"closed","template":"","meta":{"footnotes":""},"blocksy_meta":[],"_links":{"self":[{"href":"https:\/\/rennes.sof.edu.vn\/en\/wp-json\/wp\/v2\/pages\/814"}],"collection":[{"href":"https:\/\/rennes.sof.edu.vn\/en\/wp-json\/wp\/v2\/pages"}],"about":[{"href":"https:\/\/rennes.sof.edu.vn\/en\/wp-json\/wp\/v2\/types\/page"}],"author":[{"embeddable":true,"href":"https:\/\/rennes.sof.edu.vn\/en\/wp-json\/wp\/v2\/users\/1"}],"replies":[{"embeddable":true,"href":"https:\/\/rennes.sof.edu.vn\/en\/wp-json\/wp\/v2\/comments?post=814"}],"version-history":[{"count":4,"href":"https:\/\/rennes.sof.edu.vn\/en\/wp-json\/wp\/v2\/pages\/814\/revisions"}],"predecessor-version":[{"id":1014,"href":"https:\/\/rennes.sof.edu.vn\/en\/wp-json\/wp\/v2\/pages\/814\/revisions\/1014"}],"up":[{"embeddable":true,"href":"https:\/\/rennes.sof.edu.vn\/en\/wp-json\/wp\/v2\/pages\/773"}],"wp:attachment":[{"href":"https:\/\/rennes.sof.edu.vn\/en\/wp-json\/wp\/v2\/media?parent=814"}],"curies":[{"name":"wp","href":"https:\/\/api.w.org\/{rel}","templated":true}]}}