{"id":817,"date":"2023-10-03T07:50:39","date_gmt":"2023-10-03T07:50:39","guid":{"rendered":"http:\/\/rennes.sof.edu.vn\/?page_id=817"},"modified":"2026-03-17T11:39:32","modified_gmt":"2026-03-17T11:39:32","slug":"hoc-phi","status":"publish","type":"page","link":"https:\/\/rennes.sof.edu.vn\/en\/tuyen-sinh\/hoc-phi\/","title":{"rendered":"Tuition fees"},"content":{"rendered":"<div class=\"wp-block-stackable-columns alignwide stk-block-columns stk-block stk-877d8d9\" data-block-id=\"877d8d9\"><style>.stk-877d8d9 .stk--block-align-877d8d9{align-items:flex-end !important}.stk-877d8d9{box-shadow:0px 2px 20px #99999933 !important;align-items:center !important;margin-top:50px !important;display:flex !important}<\/style><div class=\"stk-row stk-inner-blocks stk--block-align-877d8d9 stk-block-content stk-content-align stk-877d8d9-column alignwide\">\n<div class=\"wp-block-stackable-column stk-block-column stk-column stk-block stk-e9e7719\" data-v=\"4\" data-block-id=\"e9e7719\"><style>.stk-e9e7719{align-self:center !important}@media screen and (min-width:768px){.stk-e9e7719{flex:var(--stk-flex-grow,1) 1 calc(33.333% - var(--stk-column-gap,0px) * 1 \/ 2 ) !important}}<\/style><div class=\"stk-column-wrapper stk-block-column__content stk-container stk-e9e7719-container stk--no-background stk--no-padding\"><div class=\"stk-block-content stk-inner-blocks stk-e9e7719-inner-blocks\">\n<div class=\"wp-block-stackable-image stk-block-image stk-block stk-8b08133\" data-block-id=\"8b08133\"><figure><span class=\"stk-img-wrapper stk-image--shape-stretch\"><img loading=\"lazy\" decoding=\"async\" class=\"stk-img wp-image-696\" src=\"http:\/\/rennes.sof.edu.vn\/wp-content\/uploads\/2023\/09\/bu_sante-rodrigue_mbock_2.jpeg\" width=\"960\" height=\"540\" srcset=\"https:\/\/rennes.sof.edu.vn\/wp-content\/uploads\/2023\/09\/bu_sante-rodrigue_mbock_2.jpeg 960w, https:\/\/rennes.sof.edu.vn\/wp-content\/uploads\/2023\/09\/bu_sante-rodrigue_mbock_2-300x169.jpeg 300w, https:\/\/rennes.sof.edu.vn\/wp-content\/uploads\/2023\/09\/bu_sante-rodrigue_mbock_2-768x432.jpeg 768w\" sizes=\"(max-width: 960px) 100vw, 960px\" \/><\/span><\/figure><\/div>\n<\/div><\/div><\/div>\n\n\n\n<div class=\"wp-block-stackable-column stk-block-column stk-column stk-block stk-767a066\" data-v=\"4\" data-block-id=\"767a066\"><style>@media screen and (min-width:768px){.stk-767a066{flex:var(--stk-flex-grow,1) 1 calc(66.666% - var(--stk-column-gap,0px) * 1 \/ 2 ) !important}}<\/style><div class=\"stk-column-wrapper stk-block-column__content stk-container stk-767a066-container stk--no-background stk--no-padding\"><div class=\"stk-block-content stk-inner-blocks stk-767a066-inner-blocks\">\n<div class=\"wp-block-stackable-columns stk-block-columns stk-block stk-d198133\" data-block-id=\"d198133\"><div class=\"stk-row stk-inner-blocks stk-block-content stk-content-align stk-d198133-column\">\n<div class=\"wp-block-stackable-column stk-block-column stk-column stk-block stk-f26db61\" data-v=\"4\" data-block-id=\"f26db61\"><div class=\"stk-column-wrapper stk-block-column__content stk-container stk-f26db61-container stk--no-background stk--no-padding\"><div class=\"stk-block-content stk-inner-blocks stk-f26db61-inner-blocks\">\n<div class=\"wp-block-stackable-heading stk-block-heading stk-block-heading--v2 stk-block stk-b1472c0\" id=\"span-style-color-var-palette-color-2-fcb-424-class-stk-highlight-\u2605-span-h\u1ecdc-phi-c\u1ee7a-ch\u01b0\u01a1ng-trinh-d\u01b0\u1ee3c-chia-thanh-2-giai-do\u1ea1n\" data-block-id=\"b1472c0\"><h5 class=\"stk-block-heading__text\"><span style=\"color: var(--theme-palette-color-2, #fcb424);\" class=\"stk-highlight\">\u2605&nbsp;<\/span>The course's tuition fee is divided into 2 stages:<\/h5><\/div>\n\n\n\n<div class=\"wp-block-stackable-icon-list stk-block-icon-list stk-block stk-4fc7681\" data-block-id=\"4fc7681\"><style>.stk-4fc7681 ul li,.stk-4fc7681 ol li{font-size:15px !important}.stk-4fc7681 .stk-block-icon-list-item__content{gap:4px !important;align-items:baseline !important}.stk-4fc7681{--stk-icon-list-row-gap:5px !important;--stk-icon-list-marker-color:var(--theme-palette-color-2,#fcb424) !important;--stk-icon-height:10px !important}@media screen and (max-width:1023px){.stk-4fc7681 ul li,.stk-4fc7681 ol li{font-size:15px !important}}<\/style><svg style=\"display:none\"><defs><g id=\"stk-icon-list__icon-svg-def-4fc7681\"><svg xmlns=\"http:\/\/www.w3.org\/2000\/svg\" viewbox=\"0 0 190 190\"><polygon points=\"173.8,28.4 60.4,141.8 15.7,97.2 5.1,107.8 60.4,163 184.4,39 173.8,28.4\"\/><\/svg><\/g><\/defs><\/svg><div class=\"stk-block-icon-list__ul stk-block-icon-list--column\"><ul class=\"stk-block-icon-list__group\">\n<li class=\"wp-block-stackable-icon-list-item stk-block-icon-list-item stk-block stk-512d09d\" data-block-id=\"512d09d\"><div class=\"stk-block-icon-list-item__content\"><span class=\"stk--svg-wrapper\"><div class=\"stk--inner-svg\"><svg aria-hidden=\"true\" width=\"32\" height=\"32\"><use xlink:href=\"#stk-icon-list__icon-svg-def-4fc7681\"><\/use><\/svg><\/div><\/span><span class=\"stk-block-icon-list-item__text\">Giai \u0111o\u1ea1n 1: 2 n\u0103m \u0111\u1ea7u h\u1ecdc t\u1ea1i UEH h\u1ecdc ph\u00ed 3.080.000 \u0111\u1ed3ng\/T\u00edn ch\u1ec9, t\u1ed5ng s\u1ed1 t\u00edn ch\u1ec9 cho 2 n\u0103m h\u1ecdc l\u00e0 90\/126 t\u00edn ch\u1ec9 (n\u0103m 1: 42 t\u00edn ch\u1ec9, n\u0103m 2: 48 t\u00edn ch\u1ec9)<\/span><\/div><\/li>\n\n\n\n<li class=\"wp-block-stackable-icon-list-item stk-block-icon-list-item stk-block stk-c25c68b\" data-block-id=\"c25c68b\"><div class=\"stk-block-icon-list-item__content\"><span class=\"stk--svg-wrapper\"><div class=\"stk--inner-svg\"><svg aria-hidden=\"true\" width=\"32\" height=\"32\"><use xlink:href=\"#stk-icon-list__icon-svg-def-4fc7681\"><\/use><\/svg><\/div><\/span><span class=\"stk-block-icon-list-item__text\">Stage 2: For Year 3, 30% highest GPA students will be selected to transfer to Rennes. The fee will be paid directly to Rennes at the rate according to the annual announcement from Rennes.<\/span><\/div><\/li>\n<\/ul><\/div><\/div>\n\n\n\n<p><span style=\"color: var(--theme-palette-color-2, #fcb424);\" class=\"stk-highlight\">\u2605\u2605 <\/span>Hi\u1ec7n nay m\u1ee9c h\u1ecdc ph\u00ed l\u00e0 750\u20ac\/n\u0103m. C\u00e1c sinh vi\u00ean kh\u00f4ng \u0111\u01b0\u1ee3c \u0111i sang Rennes h\u1ecdc n\u0103m 3 s\u1ebd \u0111\u00f3ng h\u1ecdc ph\u00ed cho ch\u01b0\u01a1ng tr\u00ecnh v\u1edbi t\u1ed5ng s\u1ed1 t\u00edn ch\u1ec9 l\u00e0 36 t\u00edn ch\u1ec9.<\/p>\n\n\n\n<p><span style=\"color: var(--theme-palette-color-2, #fcb424);\" class=\"stk-highlight\"><span style=\"color: var(--theme-palette-color-2, #fcb424);\" class=\"stk-highlight\">\u2605<\/span>\u2605\u00a0<\/span>Sinh vi\u00ean \u0111\u01b0\u1ee3c ti\u1ebfp c\u1eadn ngu\u1ed3n d\u1eef li\u1ec7u t\u00e0i ch\u00ednh to\u00e0n c\u1ea7u th\u00f4ng qua h\u1ec7 th\u1ed1ng LSEG Workspace &#8211; m\u1ed9t trong nh\u1eefng c\u01a1 s\u1edf d\u1eef li\u1ec7u t\u00e0i ch\u00ednh h\u00e0ng \u0111\u1ea7u th\u1ebf gi\u1edbi. \u0110\u1ed3ng th\u1eddi tham gia h\u1ecdc t\u1eadp \u0111\u1ec3 nh\u1eadn ch\u1ee9ng ch\u1ec9 gi\u00e1 tr\u1ecb tr\u1ef1c ti\u1ebfp t\u1eeb LSEG.<\/p>\n\n\n\n<div class=\"wp-block-stackable-text stk-block-text stk-block stk-f639ad7\" data-block-id=\"f639ad7\"><p class=\"stk-block-text__text\">Additional information is in the table below:<\/p><\/div>\n<\/div><\/div><\/div>\n<\/div><\/div>\n\n\n\n<figure class=\"wp-block-table is-style-stripes has-small-font-size\"><table class=\"has-palette-color-4-color has-palette-color-2-background-color has-text-color has-background has-fixed-layout\" style=\"border-width:3px\"><thead><tr><th><\/th><th><strong>Du h\u1ecdc t\u1ea1i \u0110\u1ea1i h\u1ecdc Ph\u00e1p <\/strong>(trung b\u00ecnh)<\/th><th><strong>3 years at UEH<\/strong><\/th><th><strong>2 years at UEH + 1 year at UR<\/strong><\/th><\/tr><\/thead><tbody><tr><td>Year 1<\/td><td>5.000 EUR<\/td><td>129,36 tri\u1ec7u VND<\/td><td>129,26 tri\u1ec7u VND<\/td><\/tr><tr><td>Year 2<\/td><td>5000 EUR<\/td><td>147,84 tri\u1ec7u VND<\/td><td>147,84 tri\u1ec7u VND<\/td><\/tr><tr><td>Year 3<\/td><td>5000 EUR<\/td><td>110,88 tri\u1ec7u VND<\/td><td>750 EUR<\/td><\/tr><tr><td><strong>Total tuition<\/strong> <\/td><td><strong>15.000 EUR<\/strong> <strong>(~460 tri\u1ec7u VND)<\/strong><\/td><td><strong>388,08 tri\u1ec7u VND<\/strong><\/td><td><strong>277,2 tri\u1ec7u VND + 750 EUR<\/strong> <strong>(~300 tri\u1ec7u VND)<\/strong><\/td><\/tr><tr><td><strong>Living costs in Rennes<\/strong><\/td><td><strong>9.000\u20ac\/year * 3 years<\/strong> <strong>(~820 tri\u1ec7u VND)<\/strong><\/td><td><strong>&nbsp;<\/strong><\/td><td><strong>9.000\u20ac \/year * 1 year<\/strong> <strong>(~273 tri\u1ec7u VND)<\/strong><\/td><\/tr><\/tbody><\/table><\/figure>\n<\/div><\/div><\/div>\n<\/div><\/div>","protected":false},"excerpt":{"rendered":"<p>\u2605&nbsp;H\u1ecdc ph\u00ed c\u1ee7a ch\u01b0\u01a1ng tr\u00ecnh \u0111\u01b0\u1ee3c chia th\u00e0nh 2 giai \u0111o\u1ea1n: \u2605\u2605 Hi\u1ec7n nay m\u1ee9c h\u1ecdc ph\u00ed l\u00e0 750\u20ac\/n\u0103m. C\u00e1c sinh vi\u00ean kh\u00f4ng \u0111\u01b0\u1ee3c \u0111i sang Rennes h\u1ecdc n\u0103m 3 s\u1ebd \u0111\u00f3ng h\u1ecdc ph\u00ed cho ch\u01b0\u01a1ng tr\u00ecnh v\u1edbi t\u1ed5ng s\u1ed1 t\u00edn ch\u1ec9 l\u00e0 36 t\u00edn ch\u1ec9. \u2605\u2605\u00a0Sinh vi\u00ean \u0111\u01b0\u1ee3c ti\u1ebfp c\u1eadn ngu\u1ed3n d\u1eef li\u1ec7u t\u00e0i [&hellip;]<\/p>","protected":false},"author":1,"featured_media":0,"parent":773,"menu_order":0,"comment_status":"closed","ping_status":"closed","template":"","meta":{"footnotes":""},"blocksy_meta":[],"_links":{"self":[{"href":"https:\/\/rennes.sof.edu.vn\/en\/wp-json\/wp\/v2\/pages\/817"}],"collection":[{"href":"https:\/\/rennes.sof.edu.vn\/en\/wp-json\/wp\/v2\/pages"}],"about":[{"href":"https:\/\/rennes.sof.edu.vn\/en\/wp-json\/wp\/v2\/types\/page"}],"author":[{"embeddable":true,"href":"https:\/\/rennes.sof.edu.vn\/en\/wp-json\/wp\/v2\/users\/1"}],"replies":[{"embeddable":true,"href":"https:\/\/rennes.sof.edu.vn\/en\/wp-json\/wp\/v2\/comments?post=817"}],"version-history":[{"count":8,"href":"https:\/\/rennes.sof.edu.vn\/en\/wp-json\/wp\/v2\/pages\/817\/revisions"}],"predecessor-version":[{"id":1313,"href":"https:\/\/rennes.sof.edu.vn\/en\/wp-json\/wp\/v2\/pages\/817\/revisions\/1313"}],"up":[{"embeddable":true,"href":"https:\/\/rennes.sof.edu.vn\/en\/wp-json\/wp\/v2\/pages\/773"}],"wp:attachment":[{"href":"https:\/\/rennes.sof.edu.vn\/en\/wp-json\/wp\/v2\/media?parent=817"}],"curies":[{"name":"wp","href":"https:\/\/api.w.org\/{rel}","templated":true}]}}