{"id":847,"date":"2023-10-04T02:27:16","date_gmt":"2023-10-04T02:27:16","guid":{"rendered":"http:\/\/rennes.sof.edu.vn\/?page_id=847"},"modified":"2023-10-12T16:13:44","modified_gmt":"2023-10-12T16:13:44","slug":"chuong-trinh-dao-tao","status":"publish","type":"page","link":"https:\/\/rennes.sof.edu.vn\/en\/chuong-trinh\/chuong-trinh-dao-tao\/","title":{"rendered":"Course introduction"},"content":{"rendered":"<div class=\"wp-block-stackable-feature stk-block-feature stk-block stk-b579e12 is-style-default\" data-v=\"2\" data-block-id=\"b579e12\"><style>.stk-b579e12{align-items:center !important;padding-top:20px !important;display:flex !important}<\/style><div class=\"stk-content-align stk-b579e12-column stk-container stk-b579e12-container stk--no-background stk--no-padding\"><div class=\"stk-inner-blocks stk-block-content stk-row\">\n<div class=\"wp-block-stackable-column stk-block-column stk-column stk-block stk-4e32171 stk-block-background\" data-v=\"4\" data-block-id=\"4e32171\"><style>.stk-4e32171{align-self:center !important;max-width:100% !important}.stk-4e32171-inner-blocks{align-items:flex-start !important;justify-content:space-between !important}<\/style><div class=\"stk-column-wrapper stk-block-column__content stk-container stk-4e32171-container stk--no-background stk--no-padding\"><div class=\"has-text-align-left stk--column-flex stk-block-content stk-inner-blocks stk-4e32171-inner-blocks\">\n<div class=\"wp-block-stackable-heading stk-block-heading stk-block-heading--v2 stk-block stk-16592b2\" id=\"ch\u01b0\u01a1ng-trinh-c\u1eed-nhan-tai-chinh-\u1ee9ng-d\u1ee5ng\" data-block-id=\"16592b2\"><style>@media screen and (max-width:767px){.stk-16592b2 .stk-block-heading__text{font-size:24px !important;line-height:1.4em !important}}<\/style><h4 class=\"stk-block-heading__text\">Bachelor in Applied Finance Course.<\/h4><\/div>\n\n\n\n<div class=\"wp-block-columns is-layout-flex wp-container-core-columns-is-layout-1 wp-block-columns-is-layout-flex\">\n<div class=\"wp-block-column is-layout-flow wp-block-column-is-layout-flow\" style=\"flex-basis:100%\">\n<div class=\"wp-block-group is-vertical is-layout-flex wp-container-core-group-is-layout-2 wp-block-group-is-layout-flex\">\n<p>\u2605 The course is designed based on 3 cores of knowledge:<\/p>\n\n\n\n<div class=\"wp-block-group is-vertical is-layout-flex wp-container-core-group-is-layout-1 wp-block-group-is-layout-flex\">\n<ol>\n<li>Strong knowledge of Economics - Finance; <\/li>\n\n\n\n<li>Proficient in using quantitative analysis tools; <\/li>\n\n\n\n<li>Understand data science and technology.<\/li>\n<\/ol>\n<\/div>\n\n\n\n<p> <\/p>\n\n\n\n<p style= \"text-align: justify\">\u2605The first course in Vietnam to provide in-depth training in Finance combined with Technology in the 4.0 technology revolution trend in the field of Finance Technology (Fintech).<\/p>\n<\/div>\n<\/div>\n<\/div>\n\n\n\n<p style= \"text-align: justify\">\u2605Provides both financial knowledge and skills as well as the ability to apply technology in finance.<\/p>\n\n\n\n<p style= \"text-align: justify\">\u2605Foreign language stage: For students who do not meet the English entrance requirements.<\/p>\n\n\n\n<p style= \"text-align: justify\">\u2605 Official studying stage: Training period is 3 years completely in English according to international standards. Students can choose one of two study paths:<\/p>\n\n\n\n<ul>\n<li>3 years of study entirely in Vietnam (30% of subjects are taught directly by lecturers from University of Rennes)<\/li>\n\n\n\n<li>2 years in Vietnam + 1 year in France in Year 3 for the top 30% of the students with the highest average score in the first 2 years (study in English or study in French if you have French B1 certificate)<\/li>\n<\/ul>\n\n\n\n<div class=\"wp-block-stackable-button-group stk-block-button-group stk-block stk-981afba\" data-block-id=\"981afba\"><div class=\"stk-row stk-inner-blocks stk-block-content stk-button-group\">\n<div class=\"wp-block-stackable-button stk-block-button has-text-align-center stk-block stk-35fa397\" data-block-id=\"35fa397\"><a class=\"stk-link stk-button stk--hover-effect-darken\" href=\"https:\/\/rennes.sof.edu.vn\/en\/app_form\/\"><span class=\"stk-button__inner-text\">Apply Now<\/span><\/a><\/div>\n<\/div><\/div>\n\n\n\n<div class=\"wp-block-stackable-divider stk-block-divider has-text-align-left stk-block stk-62eb7ca\" data-block-id=\"62eb7ca\"><style>.stk-62eb7ca hr.stk-block-divider__hr{width:100% !important}<\/style><hr class=\"stk-block-divider__hr\"\/><\/div>\n<\/div><\/div><\/div>\n\n\n\n<div class=\"wp-block-stackable-column stk-block-column stk-column stk-block stk-e8dfa4e\" data-v=\"4\" data-block-id=\"e8dfa4e\"><style>.stk-e8dfa4e-container{margin-top:0px !important;margin-right:0px !important;margin-bottom:0px !important;margin-left:0px !important}.stk-e8dfa4e{align-self:center !important;min-height:500px !important}.stk-e8dfa4e-inner-blocks{justify-content:space-between !important;align-items:flex-end !important;column-gap:0px !important}@media screen and (max-width:767px){.stk-e8dfa4e{min-height:280px !important;padding-top:0px !important}}<\/style><div class=\"stk-column-wrapper stk-block-column__content stk-container stk-e8dfa4e-container stk--no-background stk--no-padding\"><div class=\"has-text-align-center stk--block-horizontal-flex stk--column-flex stk-block-content stk-inner-blocks stk-e8dfa4e-inner-blocks\">\n<div class=\"wp-block-stackable-image alignfull stk-block-image has-text-align-center stk-block stk-699ea40\" data-block-id=\"699ea40\"><style>.stk-699ea40 .stk-img-wrapper{width:80% !important;filter:drop-shadow(25px 10px 30px rgba(var(--stk-global-color-1163-rgba,108,234,234),0.3)) !important}.stk-699ea40 .stk-img-wrapper img{filter:grayscale(0) !important}@media screen and (max-width:1023px){.stk-699ea40 .stk-img-wrapper{width:100% !important}}<\/style><figure class=\"stk-img-wrapper stk-image--shape-stretch stk--shadow-25px 10px 30px rgba(var(--stk-global-color-1163-rgba, 108, 234, 234), 0.3)\"><img loading=\"lazy\" decoding=\"async\" class=\"stk-img wp-image-43\" src=\"http:\/\/rennes.sof.edu.vn\/wp-content\/uploads\/2023\/09\/mimi-thian-736996-unsplash.jpg\" width=\"1600\" height=\"1200\" srcset=\"https:\/\/rennes.sof.edu.vn\/wp-content\/uploads\/2023\/09\/mimi-thian-736996-unsplash.jpg 1600w, https:\/\/rennes.sof.edu.vn\/wp-content\/uploads\/2023\/09\/mimi-thian-736996-unsplash-300x225.jpg 300w, https:\/\/rennes.sof.edu.vn\/wp-content\/uploads\/2023\/09\/mimi-thian-736996-unsplash-1024x768.jpg 1024w, https:\/\/rennes.sof.edu.vn\/wp-content\/uploads\/2023\/09\/mimi-thian-736996-unsplash-768x576.jpg 768w, https:\/\/rennes.sof.edu.vn\/wp-content\/uploads\/2023\/09\/mimi-thian-736996-unsplash-1536x1152.jpg 1536w\" sizes=\"(max-width: 1600px) 100vw, 1600px\" \/><\/figure><\/div>\n<\/div><\/div><\/div>\n<\/div><\/div><\/div>","protected":false},"excerpt":{"rendered":"<p>Ch\u01b0\u01a1ng tr\u00ecnh C\u1eed Nh\u00e2n T\u00e0i Ch\u00ednh \u1ee8ng D\u1ee5ng \u2605 Ch\u01b0\u01a1ng tr\u00ecnh \u0111\u01b0\u1ee3c thi\u1ebft k\u1ebf d\u1ef1a tr\u00ean 3 tr\u1ee5 c\u1ed9t ki\u1ebfn th\u1ee9c: \u2605Ch\u01b0\u01a1ng tr\u00ecnh \u0111\u1ea7u ti\u00ean t\u1ea1i Vi\u1ec7t Nam \u0111\u00e0o t\u1ea1o chuy\u00ean s\u00e2u v\u1ec1 T\u00e0i ch\u00ednh k\u1ebft h\u1ee3p C\u00f4ng ngh\u1ec7 trong xu h\u01b0\u1edbng c\u00e1ch m\u1ea1ng c\u00f4ng ngh\u1ec7 4.0 thu\u1ed9c l\u0129nh v\u1ef1c T\u00e0i ch\u00ednh C\u00f4ng ngh\u1ec7 (Fintech) [&hellip;]<\/p>","protected":false},"author":1,"featured_media":0,"parent":845,"menu_order":0,"comment_status":"closed","ping_status":"closed","template":"","meta":{"footnotes":""},"blocksy_meta":[],"_links":{"self":[{"href":"https:\/\/rennes.sof.edu.vn\/en\/wp-json\/wp\/v2\/pages\/847"}],"collection":[{"href":"https:\/\/rennes.sof.edu.vn\/en\/wp-json\/wp\/v2\/pages"}],"about":[{"href":"https:\/\/rennes.sof.edu.vn\/en\/wp-json\/wp\/v2\/types\/page"}],"author":[{"embeddable":true,"href":"https:\/\/rennes.sof.edu.vn\/en\/wp-json\/wp\/v2\/users\/1"}],"replies":[{"embeddable":true,"href":"https:\/\/rennes.sof.edu.vn\/en\/wp-json\/wp\/v2\/comments?post=847"}],"version-history":[{"count":13,"href":"https:\/\/rennes.sof.edu.vn\/en\/wp-json\/wp\/v2\/pages\/847\/revisions"}],"predecessor-version":[{"id":1072,"href":"https:\/\/rennes.sof.edu.vn\/en\/wp-json\/wp\/v2\/pages\/847\/revisions\/1072"}],"up":[{"embeddable":true,"href":"https:\/\/rennes.sof.edu.vn\/en\/wp-json\/wp\/v2\/pages\/845"}],"wp:attachment":[{"href":"https:\/\/rennes.sof.edu.vn\/en\/wp-json\/wp\/v2\/media?parent=847"}],"curies":[{"name":"wp","href":"https:\/\/api.w.org\/{rel}","templated":true}]}}