{"id":859,"date":"2023-10-04T02:42:39","date_gmt":"2023-10-04T02:42:39","guid":{"rendered":"http:\/\/rennes.sof.edu.vn\/?page_id=859"},"modified":"2024-04-26T07:28:47","modified_gmt":"2024-04-26T07:28:47","slug":"syllabus-cac-mon-hoc","status":"publish","type":"page","link":"https:\/\/rennes.sof.edu.vn\/en\/chuong-trinh\/syllabus-cac-mon-hoc\/","title":{"rendered":"Syllabus"},"content":{"rendered":"<div class=\"wp-block-stackable-feature stk-block-feature stk-block stk-b579e12 is-style-default\" data-v=\"2\" data-block-id=\"b579e12\"><style>.stk-b579e12{align-items:center !important;padding-top:20px !important;display:flex !important}<\/style><div class=\"stk-content-align stk-b579e12-column stk-container stk-b579e12-container stk--no-background stk--no-padding\"><div class=\"stk-inner-blocks stk-block-content stk-row\">\n<div class=\"wp-block-stackable-column stk-block-column stk-column stk-block stk-4e32171 stk-block-background\" data-v=\"4\" data-block-id=\"4e32171\"><style>.stk-4e32171{align-self:center !important;max-width:100% !important}.stk-4e32171-inner-blocks{align-items:flex-start !important;justify-content:space-between !important}@media screen and (min-width:768px){.stk-4e32171{flex:var(--stk-flex-grow,1) 1 calc(60% - var(--stk-column-gap,0px) * 1 \/ 2 ) !important}}<\/style><div class=\"stk-column-wrapper stk-block-column__content stk-container stk-4e32171-container stk--no-background stk--no-padding\"><div class=\"has-text-align-left stk--column-flex stk-block-content stk-inner-blocks stk-4e32171-inner-blocks\">\n<div class=\"wp-block-stackable-heading stk-block-heading stk-block-heading--v2 stk-block stk-16592b2\" id=\"ch\u01b0\u01a1ng-trinh-chi-ti\u1ebft\" data-block-id=\"16592b2\"><style>@media screen and (max-width:767px){.stk-16592b2 .stk-block-heading__text{font-size:24px !important;line-height:1.4em !important}}<\/style><h4 class=\"stk-block-heading__text\">Year 1 and 2: Students study at University of Economics, Ho Chi Minh City (UEH) taught by lecturers from both UEH and UR.<\/h4><\/div>\n\n\n\n<p>\u2605 Year 1 and 2: Students study at University of Economics, Ho Chi Minh City (UEH) with lecturers from both UEH and UR<\/p>\n\n\n\n<p>\u261b Year 1 &amp; 2 subjects:<\/p>\n\n\n\n<div class=\"wp-block-stackable-image stk-block-image stk-block stk-9b2e20c\" data-block-id=\"9b2e20c\"><style>.stk-9b2e20c .stk-img-wrapper{width:110% !important}<\/style><figure><span class=\"stk-img-wrapper stk-image--shape-stretch\"><img loading=\"lazy\" decoding=\"async\" class=\"stk-img wp-image-860\" src=\"http:\/\/rennes.sof.edu.vn\/wp-content\/uploads\/2023\/10\/nam12-removebg-preview.png\" width=\"513\" height=\"487\" srcset=\"https:\/\/rennes.sof.edu.vn\/wp-content\/uploads\/2023\/10\/nam12-removebg-preview.png 513w, https:\/\/rennes.sof.edu.vn\/wp-content\/uploads\/2023\/10\/nam12-removebg-preview-300x285.png 300w\" sizes=\"(max-width: 513px) 100vw, 513px\" \/><\/span><\/figure><\/div>\n\n\n\n<p><a href=\"https:\/\/drive.google.com\/drive\/folders\/1rFI7JxpaVJbkrwl2OBmM-8v6PwoR8tkD\" data-type=\"link\" data-id=\"https:\/\/drive.google.com\/drive\/folders\/1rFI7JxpaVJbkrwl2OBmM-8v6PwoR8tkD\">\u261b View syllabus of the subjects<\/a><\/p>\n\n\n\n<p>\u2605 Year 3: Students can choose to continue studying at UEH or transfer to UR<br>(*) Transfer conditions: Based on assessment of results in the first 2 years with minimum conditions of all subjects scoring from 5\/10 and achieving IELTS certificate of 6.0 (all skills from 5.5) or equivalent.<\/p>\n\n\n\n<p>\u261b Year 3 subjects:<\/p>\n\n\n\n<div class=\"wp-block-stackable-image stk-block-image stk-block stk-c48a3f6\" data-block-id=\"c48a3f6\"><style>.stk-c48a3f6 .stk-img-wrapper{width:90% !important}<\/style><figure><span class=\"stk-img-wrapper stk-image--shape-stretch\"><img loading=\"lazy\" decoding=\"async\" class=\"stk-img wp-image-861\" src=\"http:\/\/rennes.sof.edu.vn\/wp-content\/uploads\/2023\/10\/nam3-removebg-preview.png\" width=\"698\" height=\"284\" srcset=\"https:\/\/rennes.sof.edu.vn\/wp-content\/uploads\/2023\/10\/nam3-removebg-preview.png 698w, https:\/\/rennes.sof.edu.vn\/wp-content\/uploads\/2023\/10\/nam3-removebg-preview-300x122.png 300w\" sizes=\"(max-width: 698px) 100vw, 698px\" \/><\/span><\/figure><\/div>\n\n\n\n<p><a href=\"https:\/\/drive.google.com\/drive\/folders\/1rFI7JxpaVJbkrwl2OBmM-8v6PwoR8tkD\" data-type=\"link\" data-id=\"https:\/\/drive.google.com\/drive\/folders\/1S9fwtxf6cHr5XzDsZki8BxUEZqZFErxw?usp=share_link\">\u261b View syllabus of the subjects<\/a><\/p>\n\n\n\n<div class=\"wp-block-stackable-button-group stk-block-button-group stk-block stk-981afba\" data-block-id=\"981afba\"><div class=\"stk-row stk-inner-blocks stk-block-content stk-button-group\">\n<div class=\"wp-block-stackable-button stk-block-button stk-block stk-35fa397\" data-block-id=\"35fa397\"><a class=\"stk-link stk-button stk--hover-effect-darken\" href=\"\"><span class=\"stk-button__inner-text\">Apply Now<\/span><\/a><\/div>\n<\/div><\/div>\n\n\n\n<div class=\"wp-block-stackable-divider stk-block-divider has-text-align-left stk-block stk-62eb7ca\" data-block-id=\"62eb7ca\"><style>.stk-62eb7ca hr.stk-block-divider__hr{width:100% !important}<\/style><hr class=\"stk-block-divider__hr\"\/><\/div>\n<\/div><\/div><\/div>\n\n\n\n<div class=\"wp-block-stackable-column stk-block-column stk-column stk-block stk-e8dfa4e\" data-v=\"4\" data-block-id=\"e8dfa4e\"><style>.stk-e8dfa4e-container{margin-top:0px !important;margin-right:0px !important;margin-bottom:0px !important;margin-left:0px !important;display:flex !important}.stk-e8dfa4e{align-self:flex-start !important;min-height:500px !important}.stk-e8dfa4e-inner-blocks{justify-content:flex-end !important;align-items:center !important}@media screen and (min-width:768px){.stk-e8dfa4e{flex:var(--stk-flex-grow,1) 1 calc(40% - var(--stk-column-gap,0px) * 1 \/ 2 ) !important}}@media screen and (max-width:767px){.stk-e8dfa4e{min-height:280px !important;padding-top:0px !important}}<\/style><div class=\"stk-column-wrapper stk-block-column__content stk-container stk-e8dfa4e-container stk--no-background stk--no-padding\"><div class=\"has-text-align-center stk--block-horizontal-flex stk--column-flex stk-block-content stk-inner-blocks stk-e8dfa4e-inner-blocks\">\n<div class=\"wp-block-stackable-image alignfull stk-block-image has-text-align-center stk-block stk-699ea40\" data-block-id=\"699ea40\"><style>.stk-699ea40 .stk-img-wrapper{width:90% !important;filter:drop-shadow(25px 10px 30px #NaN6ceae91600) !important}.stk-699ea40 .stk-img-wrapper img{filter:grayscale(0) !important}@media screen and (max-width:1023px){.stk-699ea40 .stk-img-wrapper{width:100% !important}}<\/style><figure><span class=\"stk-img-wrapper stk-image--shape-stretch stk--shadow-25px 10px 30px #NaN6ceae91600\"><img loading=\"lazy\" decoding=\"async\" class=\"stk-img wp-image-693\" src=\"http:\/\/rennes.sof.edu.vn\/wp-content\/uploads\/2023\/09\/rennes-school-back.jpeg\" width=\"960\" height=\"540\" srcset=\"https:\/\/rennes.sof.edu.vn\/wp-content\/uploads\/2023\/09\/rennes-school-back.jpeg 960w, https:\/\/rennes.sof.edu.vn\/wp-content\/uploads\/2023\/09\/rennes-school-back-300x169.jpeg 300w, https:\/\/rennes.sof.edu.vn\/wp-content\/uploads\/2023\/09\/rennes-school-back-768x432.jpeg 768w\" sizes=\"(max-width: 960px) 100vw, 960px\" \/><\/span><\/figure><\/div>\n<\/div><\/div><\/div>\n<\/div><\/div><\/div>","protected":false},"excerpt":{"rendered":"<p>Ch\u01b0\u01a1ng tr\u00ecnh chi ti\u1ebft \u2605N\u0103m 1 v\u00e0 2: Sinh vi\u00ean h\u1ecdc t\u1ea1i \u0110\u1ea1i h\u1ecdc Kinh t\u1ebf TP. H\u1ed3 Ch\u00ed Minh (UEH) do c\u00e1c gi\u1ea3ng vi\u00ean UEH v\u00e0 Rennes gi\u1ea3ng d\u1ea1y \u261b C\u00e1c m\u00f4n h\u1ecdc n\u0103m 1 &amp; 2: \u261bXem syllabus c\u00e1c m\u00f4n h\u1ecdc \u2605N\u0103m 3: Sinh vi\u00ean \u0111\u01b0\u1ee3c l\u1ef1a ch\u1ecdn ti\u1ebfp t\u1ee5c h\u1ecdc t\u1ea1i UEH [&hellip;]<\/p>","protected":false},"author":1,"featured_media":0,"parent":845,"menu_order":0,"comment_status":"closed","ping_status":"closed","template":"","meta":{"footnotes":""},"blocksy_meta":[],"_links":{"self":[{"href":"https:\/\/rennes.sof.edu.vn\/en\/wp-json\/wp\/v2\/pages\/859"}],"collection":[{"href":"https:\/\/rennes.sof.edu.vn\/en\/wp-json\/wp\/v2\/pages"}],"about":[{"href":"https:\/\/rennes.sof.edu.vn\/en\/wp-json\/wp\/v2\/types\/page"}],"author":[{"embeddable":true,"href":"https:\/\/rennes.sof.edu.vn\/en\/wp-json\/wp\/v2\/users\/1"}],"replies":[{"embeddable":true,"href":"https:\/\/rennes.sof.edu.vn\/en\/wp-json\/wp\/v2\/comments?post=859"}],"version-history":[{"count":5,"href":"https:\/\/rennes.sof.edu.vn\/en\/wp-json\/wp\/v2\/pages\/859\/revisions"}],"predecessor-version":[{"id":1150,"href":"https:\/\/rennes.sof.edu.vn\/en\/wp-json\/wp\/v2\/pages\/859\/revisions\/1150"}],"up":[{"embeddable":true,"href":"https:\/\/rennes.sof.edu.vn\/en\/wp-json\/wp\/v2\/pages\/845"}],"wp:attachment":[{"href":"https:\/\/rennes.sof.edu.vn\/en\/wp-json\/wp\/v2\/media?parent=859"}],"curies":[{"name":"wp","href":"https:\/\/api.w.org\/{rel}","templated":true}]}}