{"id":890,"date":"2023-10-04T06:09:11","date_gmt":"2023-10-04T06:09:11","guid":{"rendered":"http:\/\/rennes.sof.edu.vn\/?page_id=890"},"modified":"2023-10-04T06:13:31","modified_gmt":"2023-10-04T06:13:31","slug":"sinh-vien-cac-khoa","status":"publish","type":"page","link":"https:\/\/rennes.sof.edu.vn\/en\/sinh-vien-cac-khoa\/","title":{"rendered":"Student intakes"},"content":{"rendered":"<div class=\"wp-block-stackable-columns stk-block-columns stk-block stk-0528b2a\" data-block-id=\"0528b2a\"><div class=\"stk-row stk-inner-blocks stk-block-content stk-content-align stk-0528b2a-column\">\n<div class=\"wp-block-stackable-column stk-block-column stk-column stk-block stk-d5ebb3a\" data-v=\"4\" data-block-id=\"d5ebb3a\"><div class=\"stk-column-wrapper stk-block-column__content stk-container stk-d5ebb3a-container stk--no-background stk--no-padding\"><div class=\"stk-block-content stk-inner-blocks stk-d5ebb3a-inner-blocks\"><ul class=\"wp-block-latest-posts__list is-grid columns-3 wp-block-latest-posts\"><li><div class=\"wp-block-latest-posts__featured-image\"><a href=\"https:\/\/rennes.sof.edu.vn\/en\/uncategorized\/sinh-vien-khoa-4-2025\/\" aria-label=\"Sinh vi\u00ean kh\u00f3a 4 (2025)\"><img loading=\"lazy\" decoding=\"async\" width=\"300\" height=\"127\" src=\"https:\/\/rennes.sof.edu.vn\/wp-content\/uploads\/2025\/10\/Screen-Shot-2025-10-03-at-21.00.24-300x127.png\" class=\"attachment-medium size-medium wp-post-image\" alt=\"\" style=\"max-width:500px;max-height:200px;\" srcset=\"https:\/\/rennes.sof.edu.vn\/wp-content\/uploads\/2025\/10\/Screen-Shot-2025-10-03-at-21.00.24-300x127.png 300w, https:\/\/rennes.sof.edu.vn\/wp-content\/uploads\/2025\/10\/Screen-Shot-2025-10-03-at-21.00.24-768x326.png 768w, https:\/\/rennes.sof.edu.vn\/wp-content\/uploads\/2025\/10\/Screen-Shot-2025-10-03-at-21.00.24-18x8.png 18w, https:\/\/rennes.sof.edu.vn\/wp-content\/uploads\/2025\/10\/Screen-Shot-2025-10-03-at-21.00.24.png 989w\" sizes=\"(max-width: 300px) 100vw, 300px\" \/><\/a><\/div><a class=\"wp-block-latest-posts__post-title\" href=\"https:\/\/rennes.sof.edu.vn\/en\/uncategorized\/sinh-vien-khoa-4-2025\/\">Sinh vi\u00ean kh\u00f3a 4 (2025)<\/a><div class=\"wp-block-latest-posts__post-excerpt\">Sinh vi\u00ean kh\u00f3a 4 (2025) Tr\u01b0\u01a1ng Qu\u1ef3nh Lam tr\u01b0\u1eddng ph\u1ed5 th\u00f4ng n\u0103ng khi\u1ebfu &#8211; \u0111hqg tphcm \u0110a\u0323\u0306ng Nguye\u0302\u0303n Tha\u0309o Nguye\u0302n THPT Chuy\u00ean l\u00ea h\u1ed3ng phong Huy\u0300nh Anh Khoa THPT Chuye\u0302n Ly\u0301 Tu\u031b\u0323 Tro\u0323ng Nguy\u1ec5n Quang Hi\u1ebfu THPT Nguy\u1ec5n Th\u01b0\u1ee3ng Hi\u1ec1n Ho\u00e0ng L\u00ea Qu\u1ef3nh Anh THPT\u2026 <a href=\"https:\/\/rennes.sof.edu.vn\/en\/uncategorized\/sinh-vien-khoa-4-2025\/\" rel=\"noopener noreferrer\">Read more<span class=\"screen-reader-text\">: Sinh vi\u00ean kh\u00f3a 4 (2025)<\/span><\/a><\/div><\/li>\n<li><div class=\"wp-block-latest-posts__featured-image\"><a href=\"https:\/\/rennes.sof.edu.vn\/en\/uncategorized\/sinh-vien-khoa-3-2024\/\" aria-label=\"Sinh vi\u00ean kh\u00f3a 3 (2024)\"><img loading=\"lazy\" decoding=\"async\" width=\"300\" height=\"200\" src=\"https:\/\/rennes.sof.edu.vn\/wp-content\/uploads\/2024\/09\/TUN_9181-300x200.jpg\" class=\"attachment-medium size-medium wp-post-image\" alt=\"\" style=\"max-width:500px;max-height:200px;\" srcset=\"https:\/\/rennes.sof.edu.vn\/wp-content\/uploads\/2024\/09\/TUN_9181-300x200.jpg 300w, https:\/\/rennes.sof.edu.vn\/wp-content\/uploads\/2024\/09\/TUN_9181-1024x682.jpg 1024w, https:\/\/rennes.sof.edu.vn\/wp-content\/uploads\/2024\/09\/TUN_9181-768x512.jpg 768w, https:\/\/rennes.sof.edu.vn\/wp-content\/uploads\/2024\/09\/TUN_9181-18x12.jpg 18w, https:\/\/rennes.sof.edu.vn\/wp-content\/uploads\/2024\/09\/TUN_9181.jpg 1210w\" sizes=\"(max-width: 300px) 100vw, 300px\" \/><\/a><\/div><a class=\"wp-block-latest-posts__post-title\" href=\"https:\/\/rennes.sof.edu.vn\/en\/uncategorized\/sinh-vien-khoa-3-2024\/\">Sinh vi\u00ean kh\u00f3a 3 (2024)<\/a><div class=\"wp-block-latest-posts__post-excerpt\">Sinh vi\u00ean kh\u00f3a 3 (2024) Hu\u1ef3nh Thi\u00ean Kim THPT chuy\u00ean l\u00ea h\u1ed3ng phong Nguy\u1ec5n Ng\u1ecdc B\u1ea3o Ng\u00e2n THPT Chuy\u00ean l\u00ea h\u1ed3ng phong Nguy\u1ec5n Ph\u00fac Minh THPT Nguy\u1ec5n th\u1ecb minh khai Danh Trang \u0110\u00e0i THPT chuy\u00ean hu\u1ef3nh m\u1eabn \u0111\u1ea1t Ho\u00e0ng Nguy\u1ec5n Duy Minh THPT Marie curie\u2026 <a href=\"https:\/\/rennes.sof.edu.vn\/en\/uncategorized\/sinh-vien-khoa-3-2024\/\" rel=\"noopener noreferrer\">Read more<span class=\"screen-reader-text\">: Sinh vi\u00ean kh\u00f3a 3 (2024)<\/span><\/a><\/div><\/li>\n<li><div class=\"wp-block-latest-posts__featured-image\"><a href=\"https:\/\/rennes.sof.edu.vn\/en\/sinh-vien-cac-khoa\/sinh-vien-khoa-1-2022\/\" aria-label=\"Intake 1 (2022)\"><img loading=\"lazy\" decoding=\"async\" width=\"300\" height=\"169\" src=\"https:\/\/rennes.sof.edu.vn\/wp-content\/uploads\/2023\/09\/bu_sante-rodrigue_mbock_2-300x169.jpeg\" class=\"attachment-medium size-medium wp-post-image\" alt=\"\" style=\"max-width:500px;max-height:200px;\" srcset=\"https:\/\/rennes.sof.edu.vn\/wp-content\/uploads\/2023\/09\/bu_sante-rodrigue_mbock_2-300x169.jpeg 300w, https:\/\/rennes.sof.edu.vn\/wp-content\/uploads\/2023\/09\/bu_sante-rodrigue_mbock_2-768x432.jpeg 768w, https:\/\/rennes.sof.edu.vn\/wp-content\/uploads\/2023\/09\/bu_sante-rodrigue_mbock_2.jpeg 960w\" sizes=\"(max-width: 300px) 100vw, 300px\" \/><\/a><\/div><a class=\"wp-block-latest-posts__post-title\" href=\"https:\/\/rennes.sof.edu.vn\/en\/sinh-vien-cac-khoa\/sinh-vien-khoa-1-2022\/\">Intake 1 (2022)<\/a><div class=\"wp-block-latest-posts__post-excerpt\">Sinh vi\u00ean kh\u00f3a 1 (2022) Nguy\u1ec5n Ph\u00fac \u0110\u0103ng Huy THPT Chuy\u00ean L\u00ea H\u1ed3ng Phong L\u00ea Ch\u00ed Quang THPT Chuy\u00ean \u0110H Vinh Vibert Axel Tr\u01b0\u1eddng Qu\u1ed1c t\u1ebf Ph\u00e1p Marguerite Duras \u0110\u00e0o Ph\u01b0\u1edbc Nghi L\u00e2m THPT Marie Curie Tr\u1ea7n Duy Anh Qu\u1ed1c h\u1ecdc Quy Nh\u01a1n Phan Th\u00e1i\u2026 <a href=\"https:\/\/rennes.sof.edu.vn\/en\/sinh-vien-cac-khoa\/sinh-vien-khoa-1-2022\/\" rel=\"noopener noreferrer\">Read more<span class=\"screen-reader-text\">: Sinh vi\u00ean kh\u00f3a 1 (2022)<\/span><\/a><\/div><\/li>\n<li><div class=\"wp-block-latest-posts__featured-image\"><a href=\"https:\/\/rennes.sof.edu.vn\/en\/sinh-vien-cac-khoa\/sinh-vien-khoa-2-2023\/\" aria-label=\"Intake 2 (2023)\"><img loading=\"lazy\" decoding=\"async\" width=\"300\" height=\"169\" src=\"https:\/\/rennes.sof.edu.vn\/wp-content\/uploads\/2023\/09\/rennes-school-back-300x169.jpeg\" class=\"attachment-medium size-medium wp-post-image\" alt=\"\" style=\"max-width:500px;max-height:200px;\" srcset=\"https:\/\/rennes.sof.edu.vn\/wp-content\/uploads\/2023\/09\/rennes-school-back-300x169.jpeg 300w, https:\/\/rennes.sof.edu.vn\/wp-content\/uploads\/2023\/09\/rennes-school-back-768x432.jpeg 768w, https:\/\/rennes.sof.edu.vn\/wp-content\/uploads\/2023\/09\/rennes-school-back.jpeg 960w\" sizes=\"(max-width: 300px) 100vw, 300px\" \/><\/a><\/div><a class=\"wp-block-latest-posts__post-title\" href=\"https:\/\/rennes.sof.edu.vn\/en\/sinh-vien-cac-khoa\/sinh-vien-khoa-2-2023\/\">Intake 2 (2023)<\/a><div class=\"wp-block-latest-posts__post-excerpt\">Sinh vi\u00ean kh\u00f3a 2 (2023) Ch\u00e2u Anh Khoa THPT Nguy\u1ec5n Trung Tr\u1ef1c Ch\u00e2u Nguy\u00ean Ch\u01b0\u01a1ng THPT Nguy\u1ec5n Th\u1ecb Di\u1ec7u L\u00ea Huy Anh Khang THPT Nguy\u1ec5n Khuy\u1ebfn L\u00ea Mai Ng\u1ecdc Quy\u00ean THPT Nguy\u1ec5n Th\u1ecb Minh Khai L\u00ea Ph\u00fac Kh\u00e1nh Th\u01b0 TH Th\u1ef1c h\u00e0nh \u0110H S\u01b0 Ph\u1ea1m\u2026 <a href=\"https:\/\/rennes.sof.edu.vn\/en\/sinh-vien-cac-khoa\/sinh-vien-khoa-2-2023\/\" rel=\"noopener noreferrer\">Read more<span class=\"screen-reader-text\">: Sinh vi\u00ean kh\u00f3a 2 (2023)<\/span><\/a><\/div><\/li>\n<\/ul><\/div><\/div><\/div>\n<\/div><\/div>","protected":false},"excerpt":{"rendered":"","protected":false},"author":1,"featured_media":0,"parent":0,"menu_order":0,"comment_status":"closed","ping_status":"closed","template":"","meta":{"footnotes":""},"blocksy_meta":[],"_links":{"self":[{"href":"https:\/\/rennes.sof.edu.vn\/en\/wp-json\/wp\/v2\/pages\/890"}],"collection":[{"href":"https:\/\/rennes.sof.edu.vn\/en\/wp-json\/wp\/v2\/pages"}],"about":[{"href":"https:\/\/rennes.sof.edu.vn\/en\/wp-json\/wp\/v2\/types\/page"}],"author":[{"embeddable":true,"href":"https:\/\/rennes.sof.edu.vn\/en\/wp-json\/wp\/v2\/users\/1"}],"replies":[{"embeddable":true,"href":"https:\/\/rennes.sof.edu.vn\/en\/wp-json\/wp\/v2\/comments?post=890"}],"version-history":[{"count":3,"href":"https:\/\/rennes.sof.edu.vn\/en\/wp-json\/wp\/v2\/pages\/890\/revisions"}],"predecessor-version":[{"id":964,"href":"https:\/\/rennes.sof.edu.vn\/en\/wp-json\/wp\/v2\/pages\/890\/revisions\/964"}],"wp:attachment":[{"href":"https:\/\/rennes.sof.edu.vn\/en\/wp-json\/wp\/v2\/media?parent=890"}],"curies":[{"name":"wp","href":"https:\/\/api.w.org\/{rel}","templated":true}]}}