{"id":972,"date":"2023-10-04T06:33:21","date_gmt":"2023-10-04T06:33:21","guid":{"rendered":"http:\/\/rennes.sof.edu.vn\/?page_id=972"},"modified":"2024-03-11T06:22:28","modified_gmt":"2024-03-11T06:22:28","slug":"master-trader-program","status":"publish","type":"page","link":"https:\/\/rennes.sof.edu.vn\/en\/master-trader-program\/","title":{"rendered":"Master Trader Program"},"content":{"rendered":"<p><\/p>\n\n\n\n<div class=\"wp-block-stackable-hero alignfull stk-block-hero stk-has-bottom-separator stk-block stk-08a909b stk-block-background stk--has-background-overlay\" data-v=\"2\" data-block-id=\"08a909b\"><style>.stk-08a909b{background-color:#000000 !important;background-image:url(https:\/\/d3gt1urn7320t9.cloudfront.net\/library-v3\/section-capital-hero-1\/c1a5c63b0687.jpg) !important;min-height:900px !important;align-items:center !important;display:flex !important}.stk-08a909b:before{background-color:#000000 !important;opacity:0.6 !important}.stk-08a909b .stk-block-hero__content{min-height:500px !important;align-items:center !important;display:flex !important}<\/style><div class=\"stk-block-hero__content stk-content-align stk-08a909b-column alignwide stk-container stk-08a909b-container stk--no-background stk--no-padding\"><div class=\"stk-block-content stk-inner-blocks has-text-align-center stk-08a909b-inner-blocks\">\n<div class=\"wp-block-stackable-heading stk-block-heading stk-block-heading--v2 stk-block stk-c15fb3c\" id=\"ch\u01b0\u01a1ng-trinh-master-trader-program\" data-block-id=\"c15fb3c\"><style>.stk-c15fb3c .stk-block-heading__text{font-size:64px !important;color:#FFFFFF !important;font-weight:300 !important;font-family:\"IBM Plex Sans\",Sans-serif !important}@media screen and (max-width:1023px){.stk-c15fb3c .stk-block-heading__text{font-size:50px !important}}<\/style><h1 class=\"stk-block-heading__text has-text-color has-white-color\">Master Trader Program<\/h1><\/div>\n\n\n\n<div class=\"wp-block-stackable-text stk-block-text stk-block stk-cb47353\" data-block-id=\"cb47353\"><style>.stk-cb47353 .stk-block-text__text{color:#FFFFFF !important}<\/style><p class=\"stk-block-text__text has-text-color has-white-color\">This is an experimental stock trading program specifically for students of the Applied Finance course. Please contact the academic department for instructions on creating an account and joining the program.<\/p><\/div>\n\n\n\n<div class=\"wp-block-stackable-columns stk-block-columns stk-block stk-ffb9666\" data-block-id=\"ffb9666\"><div class=\"stk-row stk-inner-blocks stk-block-content stk-content-align stk-ffb9666-column\">\n<div class=\"wp-block-stackable-column stk-block-column stk-column stk-block stk-234def6\" data-v=\"4\" data-block-id=\"234def6\"><style>@media screen and (min-width:768px){.stk-234def6{flex:1 1 calc(33.333% - var(--stk-column-gap,0px) * 2 \/ 3 ) !important}}<\/style><div class=\"stk-column-wrapper stk-block-column__content stk-container stk-234def6-container stk--no-background stk--no-padding\"><div class=\"stk-block-content stk-inner-blocks stk-234def6-inner-blocks\">\n<div class=\"wp-block-stackable-image stk-block-image stk-block stk-425c981\" data-block-id=\"425c981\"><style>.stk-425c981 .stk-img-wrapper{height:250px !important}<\/style><figure><span class=\"stk-img-wrapper stk-image--shape-stretch\"><img loading=\"lazy\" decoding=\"async\" class=\"stk-img wp-image-1136\" src=\"http:\/\/rennes.sof.edu.vn\/wp-content\/uploads\/2024\/03\/san-chung-khoan.jpeg\" width=\"600\" height=\"400\" srcset=\"https:\/\/rennes.sof.edu.vn\/wp-content\/uploads\/2024\/03\/san-chung-khoan.jpeg 600w, https:\/\/rennes.sof.edu.vn\/wp-content\/uploads\/2024\/03\/san-chung-khoan-300x200.jpeg 300w, https:\/\/rennes.sof.edu.vn\/wp-content\/uploads\/2024\/03\/san-chung-khoan-18x12.jpeg 18w\" sizes=\"(max-width: 600px) 100vw, 600px\" \/><\/span><\/figure><\/div>\n<\/div><\/div><\/div>\n\n\n\n<div class=\"wp-block-stackable-column stk-block-column stk-column stk-block stk-2173153\" data-v=\"4\" data-block-id=\"2173153\"><style>@media screen and (min-width:768px){.stk-2173153{flex:1 1 calc(33.333% - var(--stk-column-gap,0px) * 2 \/ 3 ) !important}}<\/style><div class=\"stk-column-wrapper stk-block-column__content stk-container stk-2173153-container stk--no-background stk--no-padding\"><div class=\"stk-block-content stk-inner-blocks stk-2173153-inner-blocks\">\n<div class=\"wp-block-stackable-image stk-block-image stk-block stk-ab32dc0\" data-block-id=\"ab32dc0\"><style>.stk-ab32dc0 .stk-img-wrapper{height:250px !important}<\/style><figure><span class=\"stk-img-wrapper stk-image--shape-stretch\"><img loading=\"lazy\" decoding=\"async\" class=\"stk-img wp-image-1135\" src=\"http:\/\/rennes.sof.edu.vn\/wp-content\/uploads\/2024\/03\/chung-khoan-3.jpeg\" width=\"560\" height=\"350\" srcset=\"https:\/\/rennes.sof.edu.vn\/wp-content\/uploads\/2024\/03\/chung-khoan-3.jpeg 560w, https:\/\/rennes.sof.edu.vn\/wp-content\/uploads\/2024\/03\/chung-khoan-3-300x188.jpeg 300w, https:\/\/rennes.sof.edu.vn\/wp-content\/uploads\/2024\/03\/chung-khoan-3-18x12.jpeg 18w\" sizes=\"(max-width: 560px) 100vw, 560px\" \/><\/span><\/figure><\/div>\n<\/div><\/div><\/div>\n\n\n\n<div class=\"wp-block-stackable-column stk-block-column stk-column stk-block stk-085658a\" data-v=\"4\" data-block-id=\"085658a\"><style>@media screen and (min-width:768px){.stk-085658a{flex:1 1 calc(33.333% - var(--stk-column-gap,0px) * 2 \/ 3 ) !important}}<\/style><div class=\"stk-column-wrapper stk-block-column__content stk-container stk-085658a-container stk--no-background stk--no-padding\"><div class=\"stk-block-content stk-inner-blocks stk-085658a-inner-blocks\">\n<div class=\"wp-block-stackable-image stk-block-image stk-block stk-87fa4c0\" data-block-id=\"87fa4c0\"><style>.stk-87fa4c0 .stk-img-wrapper{height:250px !important}<\/style><figure><span class=\"stk-img-wrapper stk-image--shape-stretch\"><img loading=\"lazy\" decoding=\"async\" class=\"stk-img wp-image-1134\" src=\"http:\/\/rennes.sof.edu.vn\/wp-content\/uploads\/2024\/03\/chung-khoa-2.jpeg\" width=\"1600\" height=\"833\" srcset=\"https:\/\/rennes.sof.edu.vn\/wp-content\/uploads\/2024\/03\/chung-khoa-2.jpeg 1600w, https:\/\/rennes.sof.edu.vn\/wp-content\/uploads\/2024\/03\/chung-khoa-2-300x156.jpeg 300w, https:\/\/rennes.sof.edu.vn\/wp-content\/uploads\/2024\/03\/chung-khoa-2-1024x533.jpeg 1024w, https:\/\/rennes.sof.edu.vn\/wp-content\/uploads\/2024\/03\/chung-khoa-2-768x400.jpeg 768w, https:\/\/rennes.sof.edu.vn\/wp-content\/uploads\/2024\/03\/chung-khoa-2-1536x800.jpeg 1536w, https:\/\/rennes.sof.edu.vn\/wp-content\/uploads\/2024\/03\/chung-khoa-2-18x9.jpeg 18w\" sizes=\"(max-width: 1600px) 100vw, 1600px\" \/><\/span><\/figure><\/div>\n<\/div><\/div><\/div>\n<\/div><\/div>\n\n\n\n<div class=\"wp-block-stackable-text stk-block-text stk-block stk-0fc3051\" data-block-id=\"0fc3051\"><p class=\"stk-block-text__text\"><\/p><\/div>\n\n\n\n<blockquote class=\"wp-block-stackable-blockquote stk-block-blockquote stk-block stk-4321383 is-style-default\" data-v=\"2\" data-block-id=\"4321383\"><div class=\"has-text-align-center stk-block-blockquote__content stk-container stk-4321383-container stk--no-background stk--no-padding\"><div class=\"stk-block-content stk-inner-blocks\">\n<div class=\"wp-block-stackable-icon stk-block-icon stk-block stk-b2261fe\" data-block-id=\"b2261fe\"><span class=\"stk--svg-wrapper\"><div class=\"stk--inner-svg\"><svg style=\"height:0;width:0\"><defs><lineargradient id=\"linear-gradient-b2261fe\" x1=\"0\" x2=\"100%\" y1=\"0\" y2=\"0\"><stop offset=\"0%\" style=\"stop-opacity:1;stop-color:var(--linear-gradient-b-2261-fe-color-1)\"><\/stop><stop offset=\"100%\" style=\"stop-opacity:1;stop-color:var(--linear-gradient-b-2261-fe-color-2)\"><\/stop><\/lineargradient><\/defs><\/svg><svg xmlns=\"http:\/\/www.w3.org\/2000\/svg\" viewbox=\"0 0 50 50\" aria-hidden=\"true\" width=\"32\" height=\"32\"><path d=\"M19.8 9.3C10.5 11.8 4.6 17 2.1 24.8c2.3-3.6 5.6-5.4 9.9-5.4 3.3 0 6 1.1 8.3 3.3 2.2 2.2 3.4 5 3.4 8.3 0 3.2-1.1 5.8-3.3 8-2.2 2.2-5.1 3.2-8.7 3.2-3.7 0-6.5-1.2-8.6-3.5C1 36.3 0 33.1 0 29 0 18.3 6.5 11.2 19.6 7.9l.2 1.4zm26.4 0C36.9 11.9 31 17 28.5 24.8c2.2-3.6 5.5-5.4 9.8-5.4 3.2 0 6 1.1 8.3 3.2 2.3 2.2 3.4 4.9 3.4 8.3 0 3.1-1.1 5.8-3.3 7.9-2.2 2.2-5.1 3.3-8.6 3.3-3.7 0-6.6-1.1-8.6-3.4-2.1-2.3-3.1-5.5-3.1-9.7 0-10.7 6.6-17.8 19.7-21.1l.1 1.4z\"><\/path><\/svg><\/div><\/span><\/div>\n\n\n\n<div class=\"wp-block-stackable-text stk-block-text stk-block stk-ac3f68c\" data-block-id=\"ac3f68c\"><style>.stk-ac3f68c .stk-block-text__text{font-size:24px !important}@media screen and (max-width:1023px){.stk-ac3f68c .stk-block-text__text{font-size:24px !important}}<\/style><p class=\"stk-block-text__text has-text-align-center\"><strong><span style=\"color: #eae3e3;\" class=\"stk-highlight\">&#8220;Price is what you pay.&nbsp;Value is what you get.&#8221;&nbsp; &#8211; Warren Buffet<\/span><\/strong><\/p><\/div>\n<\/div><\/div><\/blockquote>\n<\/div><\/div><div class=\"stk-separator stk-separator__bottom\"><div class=\"stk-separator__wrapper\"><svg xmlns=\"http:\/\/www.w3.org\/2000\/svg\" viewbox=\"0 0 1600 200\" class=\"stk-separator__layer-1\" preserveaspectratio=\"none\" aria-hidden=\"true\"><path class=\"slant-2_svg__st1\" d=\"M1610 39.2V209H-10V39.2l810 118.9 810-118.9z\"><\/path><\/svg><\/div><\/div><\/div>","protected":false},"excerpt":{"rendered":"<p>Ch\u01b0\u01a1ng tr\u00ecnh Master Trader Program \u0110\u00e2y l\u00e0 ch\u01b0\u01a1ng tr\u00ecnh th\u1ef1c nghi\u1ec7m giao d\u1ecbch ch\u1ee9ng kho\u00e1n th\u1ef1c chi\u1ebfn d\u00e0nh ri\u00eang cho c\u00e1c b\u1ea1n sinh vi\u00ean ch\u01b0\u01a1ng tr\u00ecnh T\u00e0i ch\u00ednh \u1ee9ng d\u1ee5ng Rennes. Vui l\u00f2ng li\u00ean h\u1ec7 b\u1ed9 ph\u1eadn gi\u00e1o v\u1ee5 \u0111\u1ec3 \u0111\u01b0\u1ee3c h\u01b0\u1edbng d\u1eabn t\u1ea1o t\u00e0i kho\u1ea3n v\u00e0 tham gia ch\u01b0\u01a1ng tr\u00ecnh. &#8220;Price is what you [&hellip;]<\/p>","protected":false},"author":1,"featured_media":0,"parent":0,"menu_order":0,"comment_status":"closed","ping_status":"closed","template":"","meta":{"footnotes":""},"blocksy_meta":[],"_links":{"self":[{"href":"https:\/\/rennes.sof.edu.vn\/en\/wp-json\/wp\/v2\/pages\/972"}],"collection":[{"href":"https:\/\/rennes.sof.edu.vn\/en\/wp-json\/wp\/v2\/pages"}],"about":[{"href":"https:\/\/rennes.sof.edu.vn\/en\/wp-json\/wp\/v2\/types\/page"}],"author":[{"embeddable":true,"href":"https:\/\/rennes.sof.edu.vn\/en\/wp-json\/wp\/v2\/users\/1"}],"replies":[{"embeddable":true,"href":"https:\/\/rennes.sof.edu.vn\/en\/wp-json\/wp\/v2\/comments?post=972"}],"version-history":[{"count":3,"href":"https:\/\/rennes.sof.edu.vn\/en\/wp-json\/wp\/v2\/pages\/972\/revisions"}],"predecessor-version":[{"id":1137,"href":"https:\/\/rennes.sof.edu.vn\/en\/wp-json\/wp\/v2\/pages\/972\/revisions\/1137"}],"wp:attachment":[{"href":"https:\/\/rennes.sof.edu.vn\/en\/wp-json\/wp\/v2\/media?parent=972"}],"curies":[{"name":"wp","href":"https:\/\/api.w.org\/{rel}","templated":true}]}}